{"id":20,"date":"2025-08-08T13:45:30","date_gmt":"2025-08-08T10:45:30","guid":{"rendered":"http:\/\/www.paimiondigiopas.fi\/?page_id=20"},"modified":"2025-08-11T21:00:12","modified_gmt":"2025-08-11T18:00:12","slug":"home","status":"publish","type":"page","link":"https:\/\/www.paimiondigiopas.fi\/","title":{"rendered":"Koti"},"content":{"rendered":"\n<div class=\"wp-block-cover alignfull has-medium-font-size\" style=\"min-height:720px;aspect-ratio:unset;\"><img loading=\"lazy\" decoding=\"async\" width=\"1920\" height=\"674\" class=\"wp-block-cover__image-background wp-image-189 size-full\" alt=\"\" src=\"http:\/\/www.paimiondigiopas.fi\/wp-content\/uploads\/2025\/08\/tausta_puu_1920px.jpg\" data-object-fit=\"cover\" srcset=\"https:\/\/www.paimiondigiopas.fi\/wp-content\/uploads\/2025\/08\/tausta_puu_1920px.jpg 1920w, https:\/\/www.paimiondigiopas.fi\/wp-content\/uploads\/2025\/08\/tausta_puu_1920px-300x105.jpg 300w, https:\/\/www.paimiondigiopas.fi\/wp-content\/uploads\/2025\/08\/tausta_puu_1920px-1024x359.jpg 1024w, https:\/\/www.paimiondigiopas.fi\/wp-content\/uploads\/2025\/08\/tausta_puu_1920px-768x270.jpg 768w, https:\/\/www.paimiondigiopas.fi\/wp-content\/uploads\/2025\/08\/tausta_puu_1920px-1536x539.jpg 1536w\" sizes=\"auto, (max-width: 1920px) 100vw, 1920px\" \/><span aria-hidden=\"true\" class=\"wp-block-cover__background has-background-dim\"><\/span><div class=\"wp-block-cover__inner-container is-layout-constrained wp-block-cover-is-layout-constrained\">\n<div class=\"wp-block-group alignwide is-layout-constrained wp-block-group-is-layout-constrained\">\n<div class=\"wp-block-media-text alignwide has-media-on-the-right is-stacked-on-mobile is-vertically-aligned-center\" style=\"grid-template-columns:auto 31%\"><div class=\"wp-block-media-text__content\">\n<h1 class=\"wp-block-heading has-text-align-left has-ast-global-color-5-color has-text-color\" style=\"margin-right:0;margin-left:0;font-size:8vh\">PAIMION DIGIOPAS<\/h1>\n\n\n\n<p class=\"has-white-color has-text-color\" style=\"font-size:30px\"><strong>Rauhallista ja selke\u00e4\u00e4 digiopastusta \u2013 suoraan kotiisi<\/strong><\/p>\n<\/div><figure class=\"wp-block-media-text__media\"><img loading=\"lazy\" decoding=\"async\" width=\"870\" height=\"856\" src=\"https:\/\/www.paimiondigiopas.fi\/wp-content\/uploads\/2025\/08\/logo_870x856.png\" alt=\"\" class=\"wp-image-37 size-full\" srcset=\"https:\/\/www.paimiondigiopas.fi\/wp-content\/uploads\/2025\/08\/logo_870x856.png 870w, https:\/\/www.paimiondigiopas.fi\/wp-content\/uploads\/2025\/08\/logo_870x856-300x295.png 300w, https:\/\/www.paimiondigiopas.fi\/wp-content\/uploads\/2025\/08\/logo_870x856-768x756.png 768w\" sizes=\"auto, (max-width: 870px) 100vw, 870px\" \/><\/figure><\/div>\n<\/div>\n<\/div><\/div>\n\n\n\n<div class=\"wp-block-group alignfull has-ast-global-color-5-background-color has-background is-layout-constrained wp-container-core-group-is-layout-a768924b wp-block-group-is-layout-constrained\" id=\"palvelut\" style=\"padding-top:100px;padding-bottom:0px\">\n<h2 class=\"wp-block-heading\">Palvelut<\/h2>\n\n\n\n<div class=\"wp-block-columns is-layout-flex wp-container-core-columns-is-layout-60cbf9bb wp-block-columns-is-layout-flex\" style=\"margin-top:50px\">\n<div class=\"wp-block-column is-layout-flow wp-container-core-column-is-layout-6b73ce23 wp-block-column-is-layout-flow\">\n<figure class=\"wp-block-embed is-type-video is-provider-youtube wp-block-embed-youtube wp-embed-aspect-16-9 wp-has-aspect-ratio\"><div class=\"wp-block-embed__wrapper\">\n<iframe loading=\"lazy\" title=\"Paimion Digiopas - Rauhallista ja selke\u00e4\u00e4 digiopastusta \u2013 suoraan kotiisi\" width=\"500\" height=\"281\" src=\"https:\/\/www.youtube.com\/embed\/BVBnJoHaPlI?feature=oembed\" frameborder=\"0\" allow=\"accelerometer; autoplay; clipboard-write; encrypted-media; gyroscope; picture-in-picture; web-share\" referrerpolicy=\"strict-origin-when-cross-origin\" allowfullscreen><\/iframe>\n<\/div><\/figure>\n<\/div>\n\n\n\n<div class=\"wp-block-column is-layout-flow wp-container-core-column-is-layout-6b73ce23 wp-block-column-is-layout-flow\">\n<p>Tarvitsetko apua k\u00e4nnyk\u00e4n, tietokoneen tai television kanssa? Tulen luoksesi \u2013 Paimiossa ja l\u00e4hialueilla. Olipa laite jumissa tai asetukset hukassa, saat apua suoraan kotiisi. Autan selke\u00e4sti ja rauhassa kaikenik\u00e4isi\u00e4 \u2013 erityisesti senioreita.<\/p>\n\n\n\n<h2 class=\"wp-block-heading has-medium-font-size\">Palveluihin kuuluu mm.<\/h2>\n\n\n\n<ul class=\"wp-block-list\">\n<li>Uuden k\u00e4nnyk\u00e4n k\u00e4ytt\u00f6\u00f6notto ja ohjelmien sek\u00e4 asetusten laittaminen kuntoon<\/li>\n\n\n\n<li>Opastusta k\u00e4nnyk\u00e4n tai tietokoneen k\u00e4yt\u00f6ss\u00e4<\/li>\n\n\n\n<li id=\"palvelutjahinnasto\">Tietokoneongelmien selvitys (esimerkiksi hidastelut tai ohjelmat eiv\u00e4t toimi kuten pit\u00e4\u00e4) ja ohjelmien asennus<br><br>Lue tarkemmin palveluistani ja tutustu hinnastoon <a href=\"https:\/\/www.paimiondigiopas.fi\/?page_id=167\" data-type=\"page\" data-id=\"167\">t\u00e4\u00e4lt\u00e4<\/a>.<\/li>\n<\/ul>\n<\/div>\n<\/div>\n<\/div>\n\n\n\n<div class=\"wp-block-group alignfull is-layout-constrained wp-container-core-group-is-layout-45b0ac4f wp-block-group-is-layout-constrained\" id=\"minusta\" style=\"padding-top:144px;padding-bottom:0px\">\n<h2 class=\"wp-block-heading\">Minusta<\/h2>\n\n\n\n<div class=\"wp-block-columns is-layout-flex wp-container-core-columns-is-layout-60cbf9bb wp-block-columns-is-layout-flex\" style=\"margin-top:50px\">\n<div class=\"wp-block-column is-layout-flow wp-container-core-column-is-layout-6b73ce23 wp-block-column-is-layout-flow\">\n<figure class=\"wp-block-image size-full is-resized\"><img loading=\"lazy\" decoding=\"async\" width=\"733\" height=\"890\" src=\"http:\/\/www.paimiondigiopas.fi\/wp-content\/uploads\/2025\/08\/omanassu.jpg\" alt=\"digiapu\" class=\"wp-image-45\" style=\"width:418px;height:auto\" srcset=\"https:\/\/www.paimiondigiopas.fi\/wp-content\/uploads\/2025\/08\/omanassu.jpg 733w, https:\/\/www.paimiondigiopas.fi\/wp-content\/uploads\/2025\/08\/omanassu-247x300.jpg 247w\" sizes=\"auto, (max-width: 733px) 100vw, 733px\" \/><\/figure>\n<\/div>\n\n\n\n<div class=\"wp-block-column is-layout-flow wp-container-core-column-is-layout-6b73ce23 wp-block-column-is-layout-flow\">\n<p>Minulta l\u00f6ytyy vuosien kokemusta tietokoneista, ohjelmistoista ja laitteista \u2013 k\u00e4yt\u00e4nn\u00f6n ja koulutuksen kautta. Ymm\u00e4rr\u00e4n ykk\u00f6si\u00e4 ja nollia ja osaan selitt\u00e4\u00e4 tekniset asiat ymm\u00e4rrett\u00e4v\u00e4sti.<\/p>\n\n\n\n<p>Olen IT-alan ammattilainen, joka on tottunut ratkomaan ohjelmisto- ja laiteongelmia sek\u00e4 omassa ty\u00f6ss\u00e4\u00e4n ett\u00e4 muiden apuna. Olen opiskellut tietojenk\u00e4sittely\u00e4, ja ty\u00f6skennellyt vuosien varrella erilaisissa teht\u00e4viss\u00e4 aina ohjelmistokehityksest\u00e4 tekniseen suunnitteluun asti. Minulla on hyv\u00e4 kokonaiskuva siit\u00e4, miten laitteet, ohjelmat ja k\u00e4ytt\u00e4j\u00e4t toimivat yhdess\u00e4 \u2013 ja miten ongelmat ratkotaan rauhassa ja selke\u00e4sti.<\/p>\n\n\n\n<p>Tutustu my\u00f6s ty\u00f6historiaani <a href=\"https:\/\/www.linkedin.com\/in\/jarno-rostedt-0b8014131\/\" rel=\"noopener\">LinkedIn:iss\u00e4<\/a>.<\/p>\n<\/div>\n<\/div>\n<\/div>\n\n\n\n<div class=\"wp-block-group alignfull is-layout-constrained wp-container-core-group-is-layout-45b0ac4f wp-block-group-is-layout-constrained\" id=\"otayhteytta\" style=\"padding-top:144px;padding-bottom:0px\">\n<h2 class=\"wp-block-heading\">Ota yhteytt\u00e4<\/h2>\n\n\n\n<div class=\"wp-block-columns is-layout-flex wp-container-core-columns-is-layout-60cbf9bb wp-block-columns-is-layout-flex\" style=\"margin-top:50px\">\n<div class=\"wp-block-column is-layout-flow wp-container-core-column-is-layout-6b73ce23 wp-block-column-is-layout-flow\">\n<figure class=\"wp-block-image size-full is-resized\"><img loading=\"lazy\" decoding=\"async\" width=\"758\" height=\"1024\" src=\"http:\/\/www.paimiondigiopas.fi\/wp-content\/uploads\/2025\/08\/puhelu_2.jpg\" alt=\"opastus\" class=\"wp-image-251\" style=\"width:360px;height:auto\" srcset=\"https:\/\/www.paimiondigiopas.fi\/wp-content\/uploads\/2025\/08\/puhelu_2.jpg 758w, https:\/\/www.paimiondigiopas.fi\/wp-content\/uploads\/2025\/08\/puhelu_2-222x300.jpg 222w\" sizes=\"auto, (max-width: 758px) 100vw, 758px\" \/><\/figure>\n<\/div>\n\n\n\n<div class=\"wp-block-column is-layout-flow wp-container-core-column-is-layout-6b73ce23 wp-block-column-is-layout-flow\">\n<p>Olen k\u00e4ytett\u00e4viss\u00e4 arki-iltaisin p\u00e4iv\u00e4ty\u00f6ni j\u00e4lkeen (yleens\u00e4 klo 17\u201318 l\u00e4htien) sek\u00e4 viikonloppuisin sopimuksen mukaan.<\/p>\n\n\n\n<p>Parhaiten saat minut kiinni ottamalla yhteytt\u00e4 puhelimitse tai s\u00e4hk\u00f6postitse.<\/p>\n\n\n\n<ul class=\"wp-block-list\">\n<li><strong>Jarno Rostedt<\/strong><\/li>\n\n\n\n<li><strong>Puhelin<\/strong>: 041-3100384<\/li>\n\n\n\n<li><strong>S\u00e4hk\u00f6posti:<\/strong> <a href=\"mailto:paimiondigiopas@gmail.com\">paimiondigiopas@gmail.com<\/a><\/li>\n\n\n\n<li><strong>Pikaviestin: <\/strong>Tekstiviesti tai WhatsApp<br><\/li>\n<\/ul>\n\n\n\n<p>Jos haluat yst\u00e4v\u00e4llist\u00e4 ja selke\u00e4\u00e4 apua tietotekniikan kanssa \u2013 ota yhteytt\u00e4. Katsotaan yhdess\u00e4, miten voin auttaa.<\/p>\n<\/div>\n<\/div>\n\n\n\n<div class=\"wp-block-group is-layout-constrained wp-block-group-is-layout-constrained\"><\/div>\n<\/div>\n\n\n\n<p><\/p>\n","protected":false},"excerpt":{"rendered":"<p>Palvelut Tarvitsetko apua k\u00e4nnyk\u00e4n, tietokoneen tai television kanssa? Tulen luoksesi \u2013 Paimiossa ja l\u00e4hialueilla. Olipa laite jumissa tai asetukset hukassa, [&hellip;]<\/p>\n","protected":false},"author":1,"featured_media":0,"parent":0,"menu_order":0,"comment_status":"closed","ping_status":"closed","template":"","meta":{"site-sidebar-layout":"no-sidebar","site-content-layout":"plain-container","ast-site-content-layout":"default","site-content-style":"default","site-sidebar-style":"default","ast-global-header-display":"","ast-banner-title-visibility":"","ast-main-header-display":"","ast-hfb-above-header-display":"","ast-hfb-below-header-display":"","ast-hfb-mobile-header-display":"","site-post-title":"disabled","ast-breadcrumbs-content":"","ast-featured-img":"","footer-sml-layout":"","ast-disable-related-posts":"","theme-transparent-header-meta":"enabled","adv-header-id-meta":"","stick-header-meta":"","header-above-stick-meta":"","header-main-stick-meta":"","header-below-stick-meta":"","astra-migrate-meta-layouts":"default","ast-page-background-enabled":"default","ast-page-background-meta":{"desktop":{"background-color":"var(--ast-global-color-5)","background-image":"","background-repeat":"repeat","background-position":"center center","background-size":"auto","background-attachment":"scroll","background-type":"","background-media":"","overlay-type":"","overlay-color":"","overlay-opacity":"","overlay-gradient":""},"tablet":{"background-color":"","background-image":"","background-repeat":"repeat","background-position":"center center","background-size":"auto","background-attachment":"scroll","background-type":"","background-media":"","overlay-type":"","overlay-color":"","overlay-opacity":"","overlay-gradient":""},"mobile":{"background-color":"","background-image":"","background-repeat":"repeat","background-position":"center center","background-size":"auto","background-attachment":"scroll","background-type":"","background-media":"","overlay-type":"","overlay-color":"","overlay-opacity":"","overlay-gradient":""}},"ast-content-background-meta":{"desktop":{"background-color":"var(--ast-global-color-4)","background-image":"","background-repeat":"repeat","background-position":"center center","background-size":"auto","background-attachment":"scroll","background-type":"","background-media":"","overlay-type":"","overlay-color":"","overlay-opacity":"","overlay-gradient":""},"tablet":{"background-color":"var(--ast-global-color-4)","background-image":"","background-repeat":"repeat","background-position":"center center","background-size":"auto","background-attachment":"scroll","background-type":"","background-media":"","overlay-type":"","overlay-color":"","overlay-opacity":"","overlay-gradient":""},"mobile":{"background-color":"var(--ast-global-color-4)","background-image":"","background-repeat":"repeat","background-position":"center center","background-size":"auto","background-attachment":"scroll","background-type":"","background-media":"","overlay-type":"","overlay-color":"","overlay-opacity":"","overlay-gradient":""}},"footnotes":""},"class_list":["post-20","page","type-page","status-publish","hentry"],"_links":{"self":[{"href":"https:\/\/www.paimiondigiopas.fi\/index.php?rest_route=\/wp\/v2\/pages\/20","targetHints":{"allow":["GET"]}}],"collection":[{"href":"https:\/\/www.paimiondigiopas.fi\/index.php?rest_route=\/wp\/v2\/pages"}],"about":[{"href":"https:\/\/www.paimiondigiopas.fi\/index.php?rest_route=\/wp\/v2\/types\/page"}],"author":[{"embeddable":true,"href":"https:\/\/www.paimiondigiopas.fi\/index.php?rest_route=\/wp\/v2\/users\/1"}],"replies":[{"embeddable":true,"href":"https:\/\/www.paimiondigiopas.fi\/index.php?rest_route=%2Fwp%2Fv2%2Fcomments&post=20"}],"version-history":[{"count":50,"href":"https:\/\/www.paimiondigiopas.fi\/index.php?rest_route=\/wp\/v2\/pages\/20\/revisions"}],"predecessor-version":[{"id":267,"href":"https:\/\/www.paimiondigiopas.fi\/index.php?rest_route=\/wp\/v2\/pages\/20\/revisions\/267"}],"wp:attachment":[{"href":"https:\/\/www.paimiondigiopas.fi\/index.php?rest_route=%2Fwp%2Fv2%2Fmedia&parent=20"}],"curies":[{"name":"wp","href":"https:\/\/api.w.org\/{rel}","templated":true}]}}