{"id":167,"date":"2025-08-08T23:34:29","date_gmt":"2025-08-08T20:34:29","guid":{"rendered":"https:\/\/www.paimiondigiopas.fi\/?page_id=167"},"modified":"2025-11-12T10:19:09","modified_gmt":"2025-11-12T07:19:09","slug":"home-2","status":"publish","type":"page","link":"https:\/\/www.paimiondigiopas.fi\/?page_id=167","title":{"rendered":"Palvelut ja hinnasto"},"content":{"rendered":"\n<div class=\"wp-block-group alignfull has-ast-global-color-5-background-color has-background is-layout-constrained wp-container-core-group-is-layout-a768924b wp-block-group-is-layout-constrained\" id=\"palvelut\" style=\"padding-top:100px;padding-bottom:0px\">\n<h2 class=\"wp-block-heading\" style=\"margin-top:var(--wp--preset--spacing--50);margin-bottom:var(--wp--preset--spacing--50)\">Palvelut<\/h2>\n\n\n\n<p><\/p>\n\n\n\n<h3 class=\"wp-block-heading\">Esimerkkej\u00e4 palveluistani<\/h3>\n\n\n\n<ul class=\"wp-block-list\">\n<li>Uuden k\u00e4nnyk\u00e4n k\u00e4ytt\u00f6\u00f6notto ja ohjelmien sek\u00e4 asetusten laittaminen kuntoon<\/li>\n\n\n\n<li>K\u00e4nnykk\u00e4ongelmien selvitys<\/li>\n\n\n\n<li>Opastusta k\u00e4nnyk\u00e4n tai tietokoneen k\u00e4yt\u00f6ss\u00e4<\/li>\n\n\n\n<li>Tietokoneongelmien selvitys (esimerkiksi hidastelut tai ohjelmat eiv\u00e4t toimi kuten pit\u00e4\u00e4) ja ohjelmien asennus<\/li>\n\n\n\n<li>Netti- ja langattomien yhteyksien ongelmat<\/li>\n\n\n\n<li>TV- ja \u00e4\u00e4nilaitteiden ongelmat (kanavien viritys, liit\u00e4nn\u00e4t, \u00e4\u00e4ni)<\/li>\n<\/ul>\n\n\n\n<p><\/p>\n\n\n\n<h3 class=\"wp-block-heading\"><strong>Teknisemm\u00e4t ty\u00f6t (ty\u00f6 suoritetaan p\u00e4\u00e4osin kotonani)<\/strong><\/h3>\n\n\n\n<ul class=\"wp-block-list\">\n<li>Tietokoneen tai \u00e4lypuhelimen k\u00e4ytt\u00f6j\u00e4rjestelm\u00e4n uudelleenasennus<\/li>\n\n\n\n<li>Tietokoneen perushuolto: k\u00e4ytt\u00f6j\u00e4rjestelm\u00e4n siivous, tarpeettomien ohjelmien poistaminen ja asetusten optimointi, jotta kone toimii sujuvammin<\/li>\n\n\n\n<li>Viallisten tietokonekomponenttien vaihto (esim. kovalevy, muisti) \u2014 vika todetaan ennen vaihtoty\u00f6t\u00e4<\/li>\n\n\n\n<li>Pienet ohjelmointity\u00f6t<\/li>\n\n\n\n<li>Muu pidempikestoinen huoltoty\u00f6<\/li>\n<\/ul>\n\n\n\n<p><\/p>\n\n\n\n<h3 class=\"wp-block-heading\">Hinnasto<\/h3>\n\n\n\n<ul class=\"wp-block-list\">\n<li>Tuntihintani on 60,00 \u20ac\/h, mutta hinta-arvio annetaan aina ensin selke\u00e4sti kun otat yhteytt\u00e4, ja jos ty\u00f6 n\u00e4ytt\u00e4\u00e4 viev\u00e4n enemm\u00e4n aikaa, kerron siit\u00e4 heti \u2013 p\u00e4\u00e4t\u00e4t itse, jatketaanko.<\/li>\n\n\n\n<li>Ty\u00f6n minimiveloitus on yksi tunti.<\/li>\n\n\n\n<li>Ei matkakuluja, jos asut enint\u00e4\u00e4n 10 km p\u00e4\u00e4ss\u00e4 Paimion keskustasta \u2013 sen j\u00e4lkeen vain 1,00 \u20ac\/km<\/li>\n\n\n\n<li>Toimin Ukko.fi:n kautta kevytyritt\u00e4j\u00e4n\u00e4 \u2013 maksu onnistuu helposti laskulla s\u00e4hk\u00f6postitse tai paperitse<\/li>\n<\/ul>\n\n\n\n<p><\/p>\n\n\n\n<p><\/p>\n<\/div>\n","protected":false},"excerpt":{"rendered":"<p>Palvelut Esimerkkej\u00e4 palveluistani Teknisemm\u00e4t ty\u00f6t (ty\u00f6 suoritetaan p\u00e4\u00e4osin kotonani) Hinnasto<\/p>\n","protected":false},"author":1,"featured_media":0,"parent":0,"menu_order":0,"comment_status":"closed","ping_status":"closed","template":"","meta":{"site-sidebar-layout":"no-sidebar","site-content-layout":"plain-container","ast-site-content-layout":"default","site-content-style":"default","site-sidebar-style":"default","ast-global-header-display":"","ast-banner-title-visibility":"","ast-main-header-display":"","ast-hfb-above-header-display":"","ast-hfb-below-header-display":"","ast-hfb-mobile-header-display":"","site-post-title":"disabled","ast-breadcrumbs-content":"","ast-featured-img":"","footer-sml-layout":"","ast-disable-related-posts":"","theme-transparent-header-meta":"enabled","adv-header-id-meta":"","stick-header-meta":"","header-above-stick-meta":"","header-main-stick-meta":"","header-below-stick-meta":"","astra-migrate-meta-layouts":"default","ast-page-background-enabled":"default","ast-page-background-meta":{"desktop":{"background-color":"var(--ast-global-color-5)","background-image":"","background-repeat":"repeat","background-position":"center center","background-size":"auto","background-attachment":"scroll","background-type":"","background-media":"","overlay-type":"","overlay-color":"","overlay-opacity":"","overlay-gradient":""},"tablet":{"background-color":"","background-image":"","background-repeat":"repeat","background-position":"center center","background-size":"auto","background-attachment":"scroll","background-type":"","background-media":"","overlay-type":"","overlay-color":"","overlay-opacity":"","overlay-gradient":""},"mobile":{"background-color":"","background-image":"","background-repeat":"repeat","background-position":"center center","background-size":"auto","background-attachment":"scroll","background-type":"","background-media":"","overlay-type":"","overlay-color":"","overlay-opacity":"","overlay-gradient":""}},"ast-content-background-meta":{"desktop":{"background-color":"var(--ast-global-color-4)","background-image":"","background-repeat":"repeat","background-position":"center center","background-size":"auto","background-attachment":"scroll","background-type":"","background-media":"","overlay-type":"","overlay-color":"","overlay-opacity":"","overlay-gradient":""},"tablet":{"background-color":"var(--ast-global-color-4)","background-image":"","background-repeat":"repeat","background-position":"center center","background-size":"auto","background-attachment":"scroll","background-type":"","background-media":"","overlay-type":"","overlay-color":"","overlay-opacity":"","overlay-gradient":""},"mobile":{"background-color":"var(--ast-global-color-4)","background-image":"","background-repeat":"repeat","background-position":"center center","background-size":"auto","background-attachment":"scroll","background-type":"","background-media":"","overlay-type":"","overlay-color":"","overlay-opacity":"","overlay-gradient":""}},"footnotes":""},"class_list":["post-167","page","type-page","status-publish","hentry"],"_links":{"self":[{"href":"https:\/\/www.paimiondigiopas.fi\/index.php?rest_route=\/wp\/v2\/pages\/167","targetHints":{"allow":["GET"]}}],"collection":[{"href":"https:\/\/www.paimiondigiopas.fi\/index.php?rest_route=\/wp\/v2\/pages"}],"about":[{"href":"https:\/\/www.paimiondigiopas.fi\/index.php?rest_route=\/wp\/v2\/types\/page"}],"author":[{"embeddable":true,"href":"https:\/\/www.paimiondigiopas.fi\/index.php?rest_route=\/wp\/v2\/users\/1"}],"replies":[{"embeddable":true,"href":"https:\/\/www.paimiondigiopas.fi\/index.php?rest_route=%2Fwp%2Fv2%2Fcomments&post=167"}],"version-history":[{"count":24,"href":"https:\/\/www.paimiondigiopas.fi\/index.php?rest_route=\/wp\/v2\/pages\/167\/revisions"}],"predecessor-version":[{"id":276,"href":"https:\/\/www.paimiondigiopas.fi\/index.php?rest_route=\/wp\/v2\/pages\/167\/revisions\/276"}],"wp:attachment":[{"href":"https:\/\/www.paimiondigiopas.fi\/index.php?rest_route=%2Fwp%2Fv2%2Fmedia&parent=167"}],"curies":[{"name":"wp","href":"https:\/\/api.w.org\/{rel}","templated":true}]}}